{"id":97,"date":"2022-04-22T19:41:52","date_gmt":"2022-04-22T19:41:52","guid":{"rendered":"https:\/\/editora-lobster.pt\/?page_id=97"},"modified":"2025-01-29T12:04:34","modified_gmt":"2025-01-29T12:04:34","slug":"eventos","status":"publish","type":"page","link":"https:\/\/editora-lobster.com\/de\/eventos\/","title":{"rendered":"Events"},"content":{"rendered":"<p><strong>7.Mai 2025, 18:30-19:30 Uhr<\/strong><br \/>\nZur Hundertjahrfeier des Geburtstags von Luiz Pacheco veranstaltet Editora Lobster eine inszenierte Lesung der Kurzgeschichte \u201eDer Theodolit\u201c in der Stadtb\u00fccherei Almeida Faria in Montemor-o-Novo, Portugal.<\/p>\n<hr \/>\n<p><strong>23.November 2022, 18:30 \u2013 20 Uhr:<\/strong><br \/>\nKurzgeschichten von Alberto Martins, Alface und Luiz Pacheco, gelesen auf Portugiesisch und Deutsch, und ein Sinnen \u00fcber das Gerundium<\/p>\n<p>Livraria Tigre de Papel<br \/>\nRua de Arroios 25<br \/>\nLisboa<\/p>\n<hr \/>\n<p>VORVERKAUF der ersten Publikationen der Editora Lobster bis zum 30.Juni 2022. <strong>Jedes B\u00fcchlein f\u00fcr nur 11\u20ac! <\/strong>Inspirierende Kurzgeschichten, zweisprachig, geh\u00fcllt in farbiges Virgem Pulp, 76 Seiten, gebunden.<\/p>\n<div class=\"botao_pre_comprar\"><a href=\"\/de\/comprar\/\">zum Warenkorb<\/a><\/div>","protected":false},"excerpt":{"rendered":"<p>7 de Maio 2025, 18:30 \u2013 19:30h: Centen\u00e1rio anivers\u00e1rio de Luiz Pacheco. Leitura encenada de \u201cO Teodolito\u201d na Biblioteca Municipal Almeida Faria, Montemor-o-Novo. 23 de Novembro 2022, 18:30 &#8211; 20h: Leitura de contos (em portugu\u00eas e alem\u00e3o) de Alberto Martins, Alface e Luiz Pacheco com uma breve divaga\u00e7\u00e3o sobre o ger\u00fandio Livraria Tigre de Papel [&hellip;]<\/p>\n","protected":false},"author":1,"featured_media":0,"parent":0,"menu_order":0,"comment_status":"closed","ping_status":"closed","template":"","meta":{"_acf_changed":false,"footnotes":""},"class_list":["post-97","page","type-page","status-publish","hentry"],"acf":[],"_links":{"self":[{"href":"https:\/\/editora-lobster.com\/de\/wp-json\/wp\/v2\/pages\/97","targetHints":{"allow":["GET"]}}],"collection":[{"href":"https:\/\/editora-lobster.com\/de\/wp-json\/wp\/v2\/pages"}],"about":[{"href":"https:\/\/editora-lobster.com\/de\/wp-json\/wp\/v2\/types\/page"}],"author":[{"embeddable":true,"href":"https:\/\/editora-lobster.com\/de\/wp-json\/wp\/v2\/users\/1"}],"replies":[{"embeddable":true,"href":"https:\/\/editora-lobster.com\/de\/wp-json\/wp\/v2\/comments?post=97"}],"version-history":[{"count":16,"href":"https:\/\/editora-lobster.com\/de\/wp-json\/wp\/v2\/pages\/97\/revisions"}],"predecessor-version":[{"id":350,"href":"https:\/\/editora-lobster.com\/de\/wp-json\/wp\/v2\/pages\/97\/revisions\/350"}],"wp:attachment":[{"href":"https:\/\/editora-lobster.com\/de\/wp-json\/wp\/v2\/media?parent=97"}],"curies":[{"name":"wp","href":"https:\/\/api.w.org\/{rel}","templated":true}]}}