{"id":85,"date":"2022-04-20T20:57:18","date_gmt":"2022-04-20T20:57:18","guid":{"rendered":"https:\/\/editora-lobster.pt\/?page_id=85"},"modified":"2023-03-01T20:12:04","modified_gmt":"2023-03-01T20:12:04","slug":"comprar","status":"publish","type":"page","link":"https:\/\/editora-lobster.com\/de\/comprar\/","title":{"rendered":"zum Warenkorb"},"content":{"rendered":"<p>Que bom que est\u00e1 aqui!<\/p>\n<p>Preenchendo o formul\u00e1rio em baixo, receber\u00e1 um e-mail com os nossos dados de pagamento.<\/p>\n<p>Aceitamos transfer\u00eancia banc\u00e1ria e MB WAY.<\/p>\n<p>Ao pagar pela sua encomenda, coloque por favor o seu e-mail no descritivo para a conta destino.<\/p>\n<p>As encomendas ser\u00e3o expedidas todas as ter\u00e7as-feiras em Correio Normal.<\/p>\n<div class=\"wpforms-container wpforms-container-full\" id=\"wpforms-81\"><form id=\"wpforms-form-81\" class=\"wpforms-validate wpforms-form wpforms-ajax-form\" data-formid=\"81\" method=\"post\" enctype=\"multipart\/form-data\" action=\"\/de\/wp-json\/wp\/v2\/pages\/85\" data-token=\"73dfdcbd4e3b6f16e6f9592e443ddea1\" data-token-time=\"1776960379\"><noscript class=\"wpforms-error-noscript\">Please enable JavaScript in your browser to complete this form.<\/noscript><div class=\"wpforms-field-container\"><div id=\"wpforms-81-field_1-container\" class=\"wpforms-field wpforms-field-email\" data-field-id=\"1\"><label class=\"wpforms-field-label\" for=\"wpforms-81-field_1\">Email <span class=\"wpforms-required-label\">*<\/span><\/label><input type=\"email\" id=\"wpforms-81-field_1\" class=\"wpforms-field-large wpforms-field-required\" name=\"wpforms[fields][1]\" placeholder=\"Email\" spellcheck=\"false\" required><\/div><div id=\"wpforms-81-field_2-container\" class=\"wpforms-field wpforms-field-checkbox wpforms-list-inline\" data-field-id=\"2\"><label class=\"wpforms-field-label\">Livro(s) desejado(s) (por favor clicar) <span class=\"wpforms-required-label\">*<\/span><\/label><ul id=\"wpforms-81-field_2\" class=\"wpforms-field-required wpforms-image-choices wpforms-image-choices-modern\"><li class=\"choice-3 depth-1 wpforms-image-choices-item\"><label class=\"wpforms-field-label-inline\" for=\"wpforms-81-field_2_3\" tabindex=\"0\"><span class=\"wpforms-image-choices-image\"><img decoding=\"async\" src=\"https:\/\/editora-lobster.com\/wp-content\/uploads\/2022\/06\/pq_capa-o-cao-no-sotao-site.jpg\" alt=\"&lt;strong&gt;O C\u00c3O NO S\u00d3T\u00c3O&lt;\/strong&gt;&lt;br&gt;&lt;strong class=&quot;precos&quot;&gt;15&lt;\/strong&gt;\u20ac\" title=\"&lt;strong&gt;O C\u00c3O NO S\u00d3T\u00c3O&lt;\/strong&gt;&lt;br&gt;&lt;strong class=&quot;precos&quot;&gt;15&lt;\/strong&gt;\u20ac\"><\/span><input type=\"checkbox\" id=\"wpforms-81-field_2_3\" class=\"wpforms-screen-reader-element\" name=\"wpforms[fields][2][]\" value=\"&lt;strong&gt;O C\u00c3O NO S\u00d3T\u00c3O&lt;\/strong&gt;&lt;br&gt;&lt;strong class=&quot;precos&quot;&gt;15&lt;\/strong&gt;\u20ac\" tabindex=\"-1\" required ><span class=\"wpforms-image-choices-label\"><strong>O C\u00c3O NO S\u00d3T\u00c3O<\/strong><br><strong class=\"precos\">15<\/strong>\u20ac<\/span><\/label><\/li><li class=\"choice-1 depth-1 wpforms-image-choices-item\"><label class=\"wpforms-field-label-inline\" for=\"wpforms-81-field_2_1\" tabindex=\"0\"><span class=\"wpforms-image-choices-image\"><img decoding=\"async\" src=\"https:\/\/editora-lobster.com\/wp-content\/uploads\/2022\/06\/pq_capa-edelweiss-site.jpg\" alt=\"&lt;strong&gt;EDELWEISS&lt;\/strong&gt;&lt;br&gt; &lt;strong class=&quot;precos&quot;&gt;15&lt;\/strong&gt;\u20ac\" title=\"&lt;strong&gt;EDELWEISS&lt;\/strong&gt;&lt;br&gt; &lt;strong class=&quot;precos&quot;&gt;15&lt;\/strong&gt;\u20ac\"><\/span><input type=\"checkbox\" id=\"wpforms-81-field_2_1\" class=\"wpforms-screen-reader-element\" name=\"wpforms[fields][2][]\" value=\"&lt;strong&gt;EDELWEISS&lt;\/strong&gt;&lt;br&gt; &lt;strong class=&quot;precos&quot;&gt;15&lt;\/strong&gt;\u20ac\" tabindex=\"-1\" required ><span class=\"wpforms-image-choices-label\"><strong>EDELWEISS<\/strong><br> <strong class=\"precos\">15<\/strong>\u20ac<\/span><\/label><\/li><li class=\"choice-2 depth-1 wpforms-image-choices-item\"><label class=\"wpforms-field-label-inline\" for=\"wpforms-81-field_2_2\" tabindex=\"0\"><span class=\"wpforms-image-choices-image\"><img decoding=\"async\" src=\"https:\/\/editora-lobster.com\/wp-content\/uploads\/2022\/06\/pq_capa-teodolito-site.jpg\" alt=\"&lt;strong&gt;O TEODOLITO&lt;\/strong&gt;&lt;br&gt;&lt;strong class=&quot;precos&quot;&gt;15&lt;\/strong&gt;\u20ac\" title=\"&lt;strong&gt;O TEODOLITO&lt;\/strong&gt;&lt;br&gt;&lt;strong class=&quot;precos&quot;&gt;15&lt;\/strong&gt;\u20ac\"><\/span><input type=\"checkbox\" id=\"wpforms-81-field_2_2\" class=\"wpforms-screen-reader-element\" name=\"wpforms[fields][2][]\" value=\"&lt;strong&gt;O TEODOLITO&lt;\/strong&gt;&lt;br&gt;&lt;strong class=&quot;precos&quot;&gt;15&lt;\/strong&gt;\u20ac\" tabindex=\"-1\" required ><span class=\"wpforms-image-choices-label\"><strong>O TEODOLITO<\/strong><br><strong class=\"precos\">15<\/strong>\u20ac<\/span><\/label><\/li><\/ul><\/div><div id=\"wpforms-81-field_4-container\" class=\"wpforms-field wpforms-field-checkbox\" data-field-id=\"4\"><label class=\"wpforms-field-label\">Despesas de Envio <span class=\"wpforms-required-label\">*<\/span><\/label><ul id=\"wpforms-81-field_4\" class=\"wpforms-field-required\" data-choice-limit=\"1\"><li class=\"choice-1 depth-1\"><input type=\"checkbox\" id=\"wpforms-81-field_4_1\" data-rule-check-limit=\"true\" name=\"wpforms[fields][4][]\" value=\"Portugal (&lt;strong class=&quot;precos&quot;&gt;1.5&lt;\/strong&gt;\u20ac)\" required ><label class=\"wpforms-field-label-inline\" for=\"wpforms-81-field_4_1\">Portugal (<strong class=\"precos\">1.5<\/strong>\u20ac)<\/label><\/li><li class=\"choice-2 depth-1\"><input type=\"checkbox\" id=\"wpforms-81-field_4_2\" data-rule-check-limit=\"true\" name=\"wpforms[fields][4][]\" value=\"Europa (&lt;strong class=&quot;precos&quot;&gt;3&lt;\/strong&gt;\u20ac)\" required ><label class=\"wpforms-field-label-inline\" for=\"wpforms-81-field_4_2\">Europa (<strong class=\"precos\">3<\/strong>\u20ac)<\/label><\/li><li class=\"choice-3 depth-1\"><input type=\"checkbox\" id=\"wpforms-81-field_4_3\" data-rule-check-limit=\"true\" name=\"wpforms[fields][4][]\" value=\"Resto do Mundo (&lt;strong class=&quot;precos&quot;&gt;5&lt;\/strong&gt;\u20ac)\" required ><label class=\"wpforms-field-label-inline\" for=\"wpforms-81-field_4_3\">Resto do Mundo (<strong class=\"precos\">5<\/strong>\u20ac)<\/label><\/li><\/ul><\/div><div id=\"wpforms-81-field_5-container\" class=\"wpforms-field wpforms-field-text\" data-field-id=\"5\"><label class=\"wpforms-field-label\" for=\"wpforms-81-field_5\">Pre\u00e7o Total<\/label><input type=\"text\" id=\"wpforms-81-field_5\" class=\"wpforms-field-large\" name=\"wpforms[fields][5]\" ><\/div><div id=\"wpforms-81-field_3-container\" class=\"wpforms-field wpforms-field-textarea\" data-field-id=\"3\"><label class=\"wpforms-field-label\" for=\"wpforms-81-field_3\">Nome e Morada <span class=\"wpforms-required-label\">*<\/span><\/label><textarea id=\"wpforms-81-field_3\" class=\"wpforms-field-medium wpforms-field-required\" name=\"wpforms[fields][3]\" required><\/textarea><\/div><div id=\"wpforms-81-field_8-container\" class=\"wpforms-field wpforms-field-textarea\" data-field-id=\"8\"><label class=\"wpforms-field-label\" for=\"wpforms-81-field_8\">Deseja uma factura?<\/label><textarea id=\"wpforms-81-field_8\" class=\"wpforms-field-small\" name=\"wpforms[fields][8]\" placeholder=\"NIF + Nome + Morada para factura\u00e7\u00e3o\" ><\/textarea><\/div><div id=\"wpforms-81-field_11-container\" class=\"wpforms-field wpforms-field-checkbox\" data-field-id=\"11\"><label class=\"wpforms-field-label\">Newsletter?<\/label><ul id=\"wpforms-81-field_11\"><li class=\"choice-1 depth-1\"><input type=\"checkbox\" id=\"wpforms-81-field_11_1\" name=\"wpforms[fields][11][]\" value=\"Podemos-lhe enviar uma newsletter muito de vez em quando?\"  ><label class=\"wpforms-field-label-inline\" for=\"wpforms-81-field_11_1\">Podemos-lhe enviar uma newsletter muito de vez em quando?<\/label><\/li><\/ul><\/div><\/div><!-- .wpforms-field-container --><div class=\"wpforms-submit-container\" ><input type=\"hidden\" name=\"wpforms[id]\" value=\"81\"><input type=\"hidden\" name=\"page_title\" value=\"\"><input type=\"hidden\" name=\"page_url\" value=\"https:\/\/editora-lobster.com\/de\/wp-json\/wp\/v2\/pages\/85\"><input type=\"hidden\" name=\"url_referer\" value=\"\"><button type=\"submit\" name=\"wpforms[submit]\" id=\"wpforms-submit-81\" class=\"wpforms-submit\" data-alt-text=\"A enviar...\" data-submit-text=\"Enviar\" aria-live=\"assertive\" value=\"wpforms-submit\">Enviar<\/button><img loading=\"lazy\" decoding=\"async\" src=\"https:\/\/editora-lobster.com\/wp-content\/plugins\/wpforms-lite\/assets\/images\/submit-spin.svg\" class=\"wpforms-submit-spinner\" style=\"display: none;\" width=\"26\" height=\"26\" alt=\"Loading\"><\/div><\/form><\/div>  <!-- .wpforms-container -->\n","protected":false},"excerpt":{"rendered":"<p>Que bom que est\u00e1 aqui! Preenchendo o formul\u00e1rio em baixo, receber\u00e1 um e-mail com os nossos dados de pagamento. Aceitamos transfer\u00eancia banc\u00e1ria e MB WAY. Ao pagar pela sua encomenda, coloque por favor o seu e-mail no descritivo para a conta destino. As encomendas ser\u00e3o expedidas todas as ter\u00e7as-feiras em Correio Normal.<\/p>","protected":false},"author":1,"featured_media":0,"parent":0,"menu_order":0,"comment_status":"closed","ping_status":"closed","template":"","meta":{"_acf_changed":false,"footnotes":""},"class_list":["post-85","page","type-page","status-publish","hentry"],"acf":[],"_links":{"self":[{"href":"https:\/\/editora-lobster.com\/de\/wp-json\/wp\/v2\/pages\/85","targetHints":{"allow":["GET"]}}],"collection":[{"href":"https:\/\/editora-lobster.com\/de\/wp-json\/wp\/v2\/pages"}],"about":[{"href":"https:\/\/editora-lobster.com\/de\/wp-json\/wp\/v2\/types\/page"}],"author":[{"embeddable":true,"href":"https:\/\/editora-lobster.com\/de\/wp-json\/wp\/v2\/users\/1"}],"replies":[{"embeddable":true,"href":"https:\/\/editora-lobster.com\/de\/wp-json\/wp\/v2\/comments?post=85"}],"version-history":[{"count":10,"href":"https:\/\/editora-lobster.com\/de\/wp-json\/wp\/v2\/pages\/85\/revisions"}],"predecessor-version":[{"id":305,"href":"https:\/\/editora-lobster.com\/de\/wp-json\/wp\/v2\/pages\/85\/revisions\/305"}],"wp:attachment":[{"href":"https:\/\/editora-lobster.com\/de\/wp-json\/wp\/v2\/media?parent=85"}],"curies":[{"name":"wp","href":"https:\/\/api.w.org\/{rel}","templated":true}]}}