{"id":8,"date":"2022-02-12T12:23:51","date_gmt":"2022-02-12T12:23:51","guid":{"rendered":"https:\/\/editora-lobster.pt\/?page_id=8"},"modified":"2022-06-19T20:51:56","modified_gmt":"2022-06-19T20:51:56","slug":"politica-de-privacidade","status":"publish","type":"page","link":"https:\/\/editora-lobster.com\/de\/politica-de-privacidade\/","title":{"rendered":"Datenschutzerkl\u00e4rung"},"content":{"rendered":"<p>Die verantwortliche Stelle f\u00fcr die Datenverarbeitung auf dieser Website ist:<br \/>\nEditora Lobster:\nNicole Cyron, (Steuernummer 233935142),\nQta. Sto. Ant\u00f3nio s\/n,\n7050-012 Montemor-o-Novo, Portugal<\/p>\n<p>Die verantwortliche Stelle entscheidet allein oder gemeinsam mit anderen \u00fcber die Zwecke und Mittel der Verarbeitung von personenbezogenen Daten (z.B. Namen, Kontaktdaten o. \u00c4.).<\/p>\n<p>Nur mit Ihrer ausdr\u00fccklichen Einwilligung sind einige Vorg\u00e4nge der Datenverarbeitung m\u00f6glich. Ein Widerruf Ihrer bereits erteilten Einwilligung ist jederzeit m\u00f6glich. F\u00fcr den Widerruf gen\u00fcgt eine formlose Mitteilung per E-Mail an:                            contacto@editora-lobster.pt<\/p>\n<p>Die Rechtm\u00e4\u00dfigkeit der bis zum Widerruf erfolgten Datenverarbeitung bleibt vom Widerruf unber\u00fchrt.<br \/>\nAls Betroffener steht Ihnen im Falle eines datenschutzrechtlichen Versto\u00dfes ein Beschwerderecht bei der zust\u00e4ndigen Aufsichtsbeh\u00f6rde zu. Zust\u00e4ndige Aufsichtsbeh\u00f6rde bez\u00fcglich datenschutzrechtlicher Fragen ist der Landesdatenschutzbeauftragte des Bundeslandes, in dem sich der Sitz unseres Unternehmens befindet.<\/p>\n<p>Der folgende Link stellt eine Liste der Datenschutzbeauftragten sowie deren Kontaktdaten bereit:                                                                             https:\/\/www.cm-montemornovo.pt\/politica-privacidade\/<br \/>\nDiesbez\u00fcglich und auch zu weiteren Fragen zum Thema personenbezogene Daten k\u00f6nnen Sie sich jederzeit an uns wenden.<br \/>\nSie haben jederzeit im Rahmen der geltenden gesetzlichen Bestimmungen das Recht auf unentgeltliche Auskunft \u00fcber Ihre gespeicherten personenbezogenen Daten, Herkunft der Daten, deren Empf\u00e4nger und den Zweck der Datenverarbeitung und ggf. ein Recht auf Berichtigung, Sperrung oder L\u00f6schung dieser Daten.<br \/>\nDiesbez\u00fcglich und auch zu weiteren Fragen zum Thema personenbezogene Daten k\u00f6nnen Sie sich jederzeit an uns wenden.<\/p>\n<p>In Server-Log-Dateien erhebt und speichert der Provider der Website automatisch Informationen, die Ihr Browser automatisch an uns \u00fcbermittelt. Diese sind:<\/p>\n<p>- Browsertyp und Browserversion<br \/>\n- Verwendetes Betriebssystem<br \/>\n- Referrer URL<br \/>\n- Hostname des zugreifenden Rechners<br \/>\n- Uhrzeit der Serveranfrage<br \/>\n- IP-Adresse<\/p>\n<p>Es findet keine Zusammenf\u00fchrung dieser Daten mit anderen Datenquellen statt. Die Grundlage der Datenverarbeitung dient ausschlie\u00dflich der Erf\u00fcllung eines Vertrags oder der vorvertraglichen Ma\u00dfnahmen.<\/p>\n<p>Personenbezogene Daten werden an Dritte nur \u00fcbermittelt, sofern eine Notwendigkeit im Rahmen der Vertragsabwicklung besteht. Dritte k\u00f6nnen beispielsweise Bezahldienstleister oder Logistikunternehmen sein. Eine weitergehende \u00dcbermittlung der Daten findet nicht statt bzw. nur dann, wenn Sie dieser ausdr\u00fccklich zugestimmt haben.<\/p>\n<p>Zur Nutzung bestimmter Funktionen k\u00f6nnen Sie sich auf unserer Website registrieren. Die \u00fcbermittelten Daten dienen ausschlie\u00dflich zum Zwecke der Nutzung des jeweiligen Angebotes oder Dienstes. Bei der Registrierung abgefragte Pflichtangaben sind vollst\u00e4ndig anzugeben. Andernfalls werden wir die Registrierung ablehnen.<br \/>\nIm Falle wichtiger \u00c4nderungen, etwa aus technischen Gr\u00fcnden, informieren wir Sie per E-Mail. Die E-Mail wird an die Adresse versendet, die bei der Registrierung angegeben wurde.<br \/>\nDie Verarbeitung der bei der Registrierung eingegebenen Daten erfolgt auf Grundlage Ihrer Einwilligung. Ein Widerruf Ihrer bereits erteilten Einwilligung ist jederzeit m\u00f6glich. F\u00fcr den Widerruf gen\u00fcgt eine formlose Mitteilung per E-Mail. Die Rechtm\u00e4\u00dfigkeit der bereits erfolgten Datenverarbeitung bleibt vom Widerruf unber\u00fchrt.\nWir speichern die bei der Registrierung erfassten Daten w\u00e4hrend des Zeitraums, den Sie auf unserer Website registriert sind. Ihre Daten werden gel\u00f6scht, sollten Sie Ihre Registrierung aufheben. Gesetzliche Aufbewahrungsfristen bleiben unber\u00fchrt.<\/p>\n<p>Zum Versenden unseres Newsletters ben\u00f6tigen wir von Ihnen eine E-Mail-Adresse. Erg\u00e4nzende Daten werden nicht erhoben oder sind freiwillig. Die Verwendung der Daten erfolgt ausschlie\u00dflich f\u00fcr den Versand des Newsletters.<br \/>\nDie bei der Newsletteranmeldung gemachten Daten werden ausschlie\u00dflich auf Grundlage Ihrer Einwilligung verarbeitet.<br \/>\nEin Widerruf Ihrer bereits erteilten Einwilligung ist jederzeit m\u00f6glich. F\u00fcr den Widerruf gen\u00fcgt eine formlose Mitteilung per E-Mail.<br \/>\nDie Rechtm\u00e4\u00dfigkeit der bereits erfolgten Datenverarbeitungsvorg\u00e4nge bleibt vom Widerruf unber\u00fchrt.<\/p>\n<p>Wenn wir Waren versenden lassen, geben wir Adressdaten an das beauftragte Versandunternehmen weiter, soweit diese zur Lieferung bzw. Status der Sendung ben\u00f6tigt werden. Dienstleister sind jeweils bei der Bestellung angegeben. Aktueller Dienstleiter ist:<br \/>\n- CTT Correios de Portugal<br \/>\nWir behalten uns das Recht vor, diese Datenschutzrichtlinien von Zeit zu Zeit zu \u00e4ndern. Die aktuelle Version ist von unserer Website abrufbar.<\/p>\n<p>Wenn Sie Fragen zu unserem Datenschutz haben, schreiben Sie bitte eine E-Mail an contacto@editora-lobster.pt<\/p>\n<p>&nbsp;<\/p>","protected":false},"excerpt":{"rendered":"<p>A presente Pol\u00edtica de Privacidade e Cookies destina-se a explicar como a Editora Lobster recolhe, armazena e trata os seus dados pessoais e outros que possam ser recolhidos para fins de an\u00e1lise estat\u00edstica. Nicole Cyron com sede na Qta. Sto. Antonio s\/n, 7050-012 Montemor-o-Novo, NIF 233935142, \u00e9 respons\u00e1vel pelo website editora-lobster.pt e compromete-se a garantir [&hellip;]<\/p>\n","protected":false},"author":1,"featured_media":0,"parent":0,"menu_order":0,"comment_status":"closed","ping_status":"closed","template":"","meta":{"_acf_changed":false,"footnotes":""},"class_list":["post-8","page","type-page","status-publish","hentry"],"acf":[],"_links":{"self":[{"href":"https:\/\/editora-lobster.com\/de\/wp-json\/wp\/v2\/pages\/8","targetHints":{"allow":["GET"]}}],"collection":[{"href":"https:\/\/editora-lobster.com\/de\/wp-json\/wp\/v2\/pages"}],"about":[{"href":"https:\/\/editora-lobster.com\/de\/wp-json\/wp\/v2\/types\/page"}],"author":[{"embeddable":true,"href":"https:\/\/editora-lobster.com\/de\/wp-json\/wp\/v2\/users\/1"}],"replies":[{"embeddable":true,"href":"https:\/\/editora-lobster.com\/de\/wp-json\/wp\/v2\/comments?post=8"}],"version-history":[{"count":9,"href":"https:\/\/editora-lobster.com\/de\/wp-json\/wp\/v2\/pages\/8\/revisions"}],"predecessor-version":[{"id":271,"href":"https:\/\/editora-lobster.com\/de\/wp-json\/wp\/v2\/pages\/8\/revisions\/271"}],"wp:attachment":[{"href":"https:\/\/editora-lobster.com\/de\/wp-json\/wp\/v2\/media?parent=8"}],"curies":[{"name":"wp","href":"https:\/\/api.w.org\/{rel}","templated":true}]}}