{"id":312,"date":"2023-03-01T20:35:20","date_gmt":"2023-03-01T20:35:20","guid":{"rendered":"https:\/\/editora-lobster.pt\/?page_id=312"},"modified":"2025-01-29T11:48:49","modified_gmt":"2025-01-29T11:48:49","slug":"tertulias","status":"publish","type":"page","link":"https:\/\/editora-lobster.com\/de\/tertulias\/","title":{"rendered":"Debatte"},"content":{"rendered":"<p>Por favor, registe-se aqui para o download da tradu\u00e7\u00e3o actualizada e para participar na tert\u00falia sobre a mesma.<\/p>\n<p>Ap\u00f3s o registo, receber\u00e1 o link para o documento.<\/p>\n<div class=\"wpforms-container wpforms-container-full\" id=\"wpforms-306\"><form id=\"wpforms-form-306\" class=\"wpforms-validate wpforms-form wpforms-ajax-form\" data-formid=\"306\" method=\"post\" enctype=\"multipart\/form-data\" action=\"\/de\/wp-json\/wp\/v2\/pages\/312\" data-token=\"fc7fca1e0455a83fe11b08eef281d2a8\" data-token-time=\"1776960048\"><noscript class=\"wpforms-error-noscript\">Please enable JavaScript in your browser to complete this form.<\/noscript><div class=\"wpforms-field-container\"><div id=\"wpforms-306-field_1-container\" class=\"wpforms-field wpforms-field-email\" data-field-id=\"1\"><label class=\"wpforms-field-label\" for=\"wpforms-306-field_1\">Email <span class=\"wpforms-required-label\">*<\/span><\/label><input type=\"email\" id=\"wpforms-306-field_1\" class=\"wpforms-field-large wpforms-field-required\" name=\"wpforms[fields][1]\" spellcheck=\"false\" required><\/div><\/div><!-- .wpforms-field-container --><div class=\"wpforms-submit-container\" ><input type=\"hidden\" name=\"wpforms[id]\" value=\"306\"><input type=\"hidden\" name=\"page_title\" value=\"\"><input type=\"hidden\" name=\"page_url\" value=\"https:\/\/editora-lobster.com\/de\/wp-json\/wp\/v2\/pages\/312\"><input type=\"hidden\" name=\"url_referer\" value=\"\"><button type=\"submit\" name=\"wpforms[submit]\" id=\"wpforms-submit-306\" class=\"wpforms-submit\" data-alt-text=\"A enviar pedido...\" data-submit-text=\"Enviar\" aria-live=\"assertive\" value=\"wpforms-submit\">Enviar<\/button><img loading=\"lazy\" decoding=\"async\" src=\"https:\/\/editora-lobster.com\/wp-content\/plugins\/wpforms-lite\/assets\/images\/submit-spin.svg\" class=\"wpforms-submit-spinner\" style=\"display: none;\" width=\"26\" height=\"26\" alt=\"Loading\"><\/div><\/form><\/div>  <!-- .wpforms-container -->\n","protected":false},"excerpt":{"rendered":"<p>Por favor, registe-se aqui para o download da tradu\u00e7\u00e3o actualizada e para participar na tert\u00falia sobre a mesma. Ap\u00f3s o registo, receber\u00e1 o link para o documento.<\/p>","protected":false},"author":1,"featured_media":0,"parent":0,"menu_order":0,"comment_status":"closed","ping_status":"closed","template":"","meta":{"_acf_changed":false,"footnotes":""},"class_list":["post-312","page","type-page","status-publish","hentry"],"acf":[],"_links":{"self":[{"href":"https:\/\/editora-lobster.com\/de\/wp-json\/wp\/v2\/pages\/312","targetHints":{"allow":["GET"]}}],"collection":[{"href":"https:\/\/editora-lobster.com\/de\/wp-json\/wp\/v2\/pages"}],"about":[{"href":"https:\/\/editora-lobster.com\/de\/wp-json\/wp\/v2\/types\/page"}],"author":[{"embeddable":true,"href":"https:\/\/editora-lobster.com\/de\/wp-json\/wp\/v2\/users\/1"}],"replies":[{"embeddable":true,"href":"https:\/\/editora-lobster.com\/de\/wp-json\/wp\/v2\/comments?post=312"}],"version-history":[{"count":4,"href":"https:\/\/editora-lobster.com\/de\/wp-json\/wp\/v2\/pages\/312\/revisions"}],"predecessor-version":[{"id":347,"href":"https:\/\/editora-lobster.com\/de\/wp-json\/wp\/v2\/pages\/312\/revisions\/347"}],"wp:attachment":[{"href":"https:\/\/editora-lobster.com\/de\/wp-json\/wp\/v2\/media?parent=312"}],"curies":[{"name":"wp","href":"https:\/\/api.w.org\/{rel}","templated":true}]}}