{"id":20,"date":"2022-02-12T13:11:45","date_gmt":"2022-02-12T13:11:45","guid":{"rendered":"https:\/\/editora-lobster.pt\/?page_id=20"},"modified":"2025-01-29T11:46:41","modified_gmt":"2025-01-29T11:46:41","slug":"contactos","status":"publish","type":"page","link":"https:\/\/editora-lobster.com\/de\/contactos\/","title":{"rendered":"Kontakt"},"content":{"rendered":"<p>Bitte schreiben Sie uns Ihre Zweifel, Kritik oder ein Lob. Ihre Editora Lobster<\/p>\n<p style=\"text-align: center;\"><em><a href=\"mailto:editora.lobster@gmail.com\">editora.lobster@gmail.com<\/a><\/em><\/p>","protected":false},"excerpt":{"rendered":"<p>Por favor coloque as suas d\u00favidas, cr\u00edticas ou aprecia\u00e7\u00f5es. Um abra\u00e7o Editora Lobster editora.lobster@gmail.com<\/p>","protected":false},"author":1,"featured_media":0,"parent":0,"menu_order":0,"comment_status":"closed","ping_status":"closed","template":"","meta":{"_acf_changed":false,"footnotes":""},"class_list":["post-20","page","type-page","status-publish","hentry"],"acf":[],"_links":{"self":[{"href":"https:\/\/editora-lobster.com\/de\/wp-json\/wp\/v2\/pages\/20","targetHints":{"allow":["GET"]}}],"collection":[{"href":"https:\/\/editora-lobster.com\/de\/wp-json\/wp\/v2\/pages"}],"about":[{"href":"https:\/\/editora-lobster.com\/de\/wp-json\/wp\/v2\/types\/page"}],"author":[{"embeddable":true,"href":"https:\/\/editora-lobster.com\/de\/wp-json\/wp\/v2\/users\/1"}],"replies":[{"embeddable":true,"href":"https:\/\/editora-lobster.com\/de\/wp-json\/wp\/v2\/comments?post=20"}],"version-history":[{"count":10,"href":"https:\/\/editora-lobster.com\/de\/wp-json\/wp\/v2\/pages\/20\/revisions"}],"predecessor-version":[{"id":345,"href":"https:\/\/editora-lobster.com\/de\/wp-json\/wp\/v2\/pages\/20\/revisions\/345"}],"wp:attachment":[{"href":"https:\/\/editora-lobster.com\/de\/wp-json\/wp\/v2\/media?parent=20"}],"curies":[{"name":"wp","href":"https:\/\/api.w.org\/{rel}","templated":true}]}}