{"id":2,"date":"2022-02-12T10:53:03","date_gmt":"2022-02-12T10:53:03","guid":{"rendered":"https:\/\/editora-lobster.pt\/?page_id=2"},"modified":"2022-06-27T18:34:34","modified_gmt":"2022-06-27T18:34:34","slug":"manifesto","status":"publish","type":"page","link":"https:\/\/editora-lobster.com\/de\/manifesto\/","title":{"rendered":"Manifest"},"content":{"rendered":"<h3><strong>Mitten unter zwei Kontinentalplatten scharrt und lebt Lobster.<\/strong><\/h3>\n<h3><strong>In ihrem marginalen Alltag schweben Lobster in Str\u00f6mungen und w\u00fchlen aus Gr\u00fcnden, die nur sie kennen.<\/strong><\/h3>\n<h3><strong>Wenn sie auftauchen, bringen sie mit, was sie in den Tiefen fanden.<\/strong><\/h3>\n<h3><strong>Die Editora stie\u00df durch Zufall auf Lobster, die der Oberfl\u00e4che  ihre bunten, krachmachenden oder subtilen, fast ewigen Worte schenkten.<\/strong><\/h3>\n<h3><strong>Lobster erz\u00e4hlen Geschichten, die ein Habitat reflektieren, das opak schien.<\/strong><\/h3>\n<h3><strong>Zum ersten Mal wurden diese Worte in die deutsche Sprache \u00fcbertragen.<\/strong><\/h3>\n<h3><strong>Editora Lobster w\u00fcnscht Ihnen pulsierende Abenteuer mit Antennae!<\/strong><\/h3>","protected":false},"excerpt":{"rendered":"<p>A esgravatar entre duas placas continentais vive Lobster. Na sua vida marginal levita nas correntes, remexendo por motivos que s\u00f3 Lobster conhece. Quando emerge, traz o que nas profundezas encontrou. A editora trope\u00e7ou em Lobster que deu \u00e0 superf\u00edcie as suas palavras coloridas, barulhentas ou subtis, quase eternas. Lobster conta est\u00f3rias que reflectem um habitat [&hellip;]<\/p>\n","protected":false},"author":1,"featured_media":0,"parent":0,"menu_order":0,"comment_status":"closed","ping_status":"open","template":"","meta":{"_acf_changed":false,"footnotes":""},"class_list":["post-2","page","type-page","status-publish","hentry"],"acf":[],"_links":{"self":[{"href":"https:\/\/editora-lobster.com\/de\/wp-json\/wp\/v2\/pages\/2","targetHints":{"allow":["GET"]}}],"collection":[{"href":"https:\/\/editora-lobster.com\/de\/wp-json\/wp\/v2\/pages"}],"about":[{"href":"https:\/\/editora-lobster.com\/de\/wp-json\/wp\/v2\/types\/page"}],"author":[{"embeddable":true,"href":"https:\/\/editora-lobster.com\/de\/wp-json\/wp\/v2\/users\/1"}],"replies":[{"embeddable":true,"href":"https:\/\/editora-lobster.com\/de\/wp-json\/wp\/v2\/comments?post=2"}],"version-history":[{"count":11,"href":"https:\/\/editora-lobster.com\/de\/wp-json\/wp\/v2\/pages\/2\/revisions"}],"predecessor-version":[{"id":279,"href":"https:\/\/editora-lobster.com\/de\/wp-json\/wp\/v2\/pages\/2\/revisions\/279"}],"wp:attachment":[{"href":"https:\/\/editora-lobster.com\/de\/wp-json\/wp\/v2\/media?parent=2"}],"curies":[{"name":"wp","href":"https:\/\/api.w.org\/{rel}","templated":true}]}}